{"id":7,"date":"2021-10-19T05:54:06","date_gmt":"2021-10-19T05:54:06","guid":{"rendered":"https:\/\/centromedicosigma.com\/?page_id=7"},"modified":"2025-03-01T22:49:37","modified_gmt":"2025-03-02T02:49:37","slug":"contact","status":"publish","type":"page","link":"https:\/\/centromedicosigma.com\/?page_id=7","title":{"rendered":"Contacto"},"content":{"rendered":"\t\t<div data-elementor-type=\"wp-page\" data-elementor-id=\"7\" class=\"elementor elementor-7\" data-elementor-post-type=\"page\">\n\t\t\t\t\t\t<section class=\"elementor-section elementor-top-section elementor-element elementor-element-6144697 elementor-section-full_width elementor-section-height-default elementor-section-height-default\" data-id=\"6144697\" data-element_type=\"section\" data-e-type=\"section\">\n\t\t\t\t\t\t<div class=\"elementor-container elementor-column-gap-no\">\n\t\t\t\t\t<div class=\"elementor-column elementor-col-100 elementor-top-column elementor-element elementor-element-184b328\" data-id=\"184b328\" data-element_type=\"column\" data-e-type=\"column\">\n\t\t\t<div class=\"elementor-widget-wrap elementor-element-populated\">\n\t\t\t\t\t\t<div class=\"elementor-element elementor-element-24f46e0 elementor-widget elementor-widget-contact\" data-id=\"24f46e0\" data-element_type=\"widget\" data-e-type=\"widget\" data-widget_type=\"contact.default\">\n\t\t\t\t<div class=\"elementor-widget-container\">\n\t\t\t\t\t        \r\n\t        \t\t\t\t<!-- START CONTACT INFO AREA -->\r\n\t\t\t\t<section class=\"contact-info-area ptb-70\">\r\n\t\t\t\t\t<div class=\"container\">\r\n\t\t\t\t\t\t<div class=\"row\">\r\n\t\t\t\t            \t\t                        <div data-aos=\"fade-up\" data-aos-duration=\"1200\" class=\"col-lg-4 col-sm-6\">\r\n\t\t                        \t<div class=\"single-contact-info\">\r\n\t\t                        \t\t\t\t                            \t    <i class=\"bx bx-envelope\"><\/i>\r\n\t\t                            \t\t\t\t                            <h3>\r\n\t\t\t                            \tEmail \t\t\t                            <\/h3>\r\n\t\t\t                            <p><a href=\"mailto:presupuesto@sigma.com\" target=\"_blank\" rel=\"nofollow noopener sponsored\"><br \/>presupuesto@centromedicosigma.com<\/a><\/p>\t\t\t                        <\/div>\r\n\t\t                        <\/div>\r\n\t\t                    \t\t                        <div data-aos=\"fade-up\" data-aos-duration=\"1200\" class=\"col-lg-4 col-sm-6\">\r\n\t\t                        \t<div class=\"single-contact-info\">\r\n\t\t                        \t\t\t\t                            \t    <i class=\"bx bx-phone-call\"><\/i>\r\n\t\t                            \t\t\t\t                            <h3>\r\n\t\t\t                            \tLl\u00e1manos\t\t\t                            <\/h3>\r\n\t\t\t                            <p><a href=\"tel:+582747721061\">+58 (0274) 7721061<\/a><\/p><p><a href=\"tel:+584147532946\">+58 (0414) 7532946<\/a><\/p>\t\t\t                        <\/div>\r\n\t\t                        <\/div>\r\n\t\t                    \t\t                        <div data-aos=\"fade-up\" data-aos-duration=\"1200\" class=\"col-lg-4 col-sm-6\">\r\n\t\t                        \t<div class=\"single-contact-info\">\r\n\t\t                        \t\t\t\t                            \t    <i class=\"bx bx-location-plus\"><\/i>\r\n\t\t                            \t\t\t\t                            <h3>\r\n\t\t\t                            \tDirecci\u00f3n\t\t\t                            <\/h3>\r\n\t\t\t                            <p>Edif. Centro M\u00e9dico Sigma Piso 4 Of S\/N Urb. Urbanizaci\u00f3n el Rosario, Sector Santa B\u00e1rbara. M\u00e9rida, Estado M\u00e9rida<\/p>\t\t\t                        <\/div>\r\n\t\t                        <\/div>\r\n\t\t                    \t\t\t\t\t\t<\/div>\r\n\t\t\t\t\t<\/div>\r\n\t\t\t\t<\/section>\r\n\t\t\t\t<!-- START CONTACT INFO AREA -->\r\n\t\t    \r\n\t\t\t<!-- START CONTACT FORM AREA -->\r\n\t        <section data-aos=\"fade-up\" data-aos-duration=\"1200\" class=\"contact-area pb-70\">\r\n\t            <div class=\"container\">\r\n\t            \t<div data-aos=\"fade-up\" data-aos-duration=\"1600\" class=\"contact-wrap\">\r\n\t                    <div class=\"section-title\">\r\n\t                        <h2>Env\u00edenos Un Mensaje Para Cualquier Consulta<\/h2>\r\n\t                        <p>Lorem ipsum dolor sit amet consectetur adipisicing elit. Sint repellendus molestiae, neque earum magnam enim, magni maiores laudantium ratione libero sapiente eum molestias.<\/p>\r\n\t                    <\/div>\r\n\t                    \n<div class=\"wpcf7 no-js\" id=\"wpcf7-f32-o1\" lang=\"en-US\" dir=\"ltr\" data-wpcf7-id=\"32\">\n<div class=\"screen-reader-response\"><p role=\"status\" aria-live=\"polite\" aria-atomic=\"true\"><\/p> <ul><\/ul><\/div>\n<form action=\"\/index.php?rest_route=%2Fwp%2Fv2%2Fpages%2F7#wpcf7-f32-o1\" method=\"post\" class=\"wpcf7-form init\" aria-label=\"Contact form\" novalidate=\"novalidate\" data-status=\"init\">\n<fieldset class=\"hidden-fields-container\"><input type=\"hidden\" name=\"_wpcf7\" value=\"32\" \/><input type=\"hidden\" name=\"_wpcf7_version\" value=\"6.1.5\" \/><input type=\"hidden\" name=\"_wpcf7_locale\" value=\"en_US\" \/><input type=\"hidden\" name=\"_wpcf7_unit_tag\" value=\"wpcf7-f32-o1\" \/><input type=\"hidden\" name=\"_wpcf7_container_post\" value=\"0\" \/><input type=\"hidden\" name=\"_wpcf7_posted_data_hash\" value=\"\" \/>\n<\/fieldset>\n<div class=\"row\">\n\t<div class=\"col-lg-6 col-sm-6\">\n\t\t<div class=\"form-group\">\n\t\t\t<p><span class=\"wpcf7-form-control-wrap\" data-name=\"your-name\"><input size=\"40\" maxlength=\"400\" class=\"wpcf7-form-control wpcf7-text form-control\" aria-invalid=\"false\" placeholder=\"Nombres y Apellidos\" value=\"\" type=\"text\" name=\"your-name\" \/><\/span>\n\t\t\t<\/p>\n\t\t<\/div>\n\t<\/div>\n\t<div class=\"col-lg-6 col-sm-6\">\n\t\t<div class=\"form-group\">\n\t\t\t<p><span class=\"wpcf7-form-control-wrap\" data-name=\"your-email\"><input size=\"40\" maxlength=\"400\" class=\"wpcf7-form-control wpcf7-email wpcf7-text wpcf7-validates-as-email form-control\" aria-invalid=\"false\" placeholder=\"Su correo electr\u00f3nico\" value=\"\" type=\"email\" name=\"your-email\" \/><\/span>\n\t\t\t<\/p>\n\t\t<\/div>\n\t<\/div>\n\t<div class=\"col-lg-6 col-sm-6\">\n\t\t<div class=\"form-group\">\n\t\t\t<p><span class=\"wpcf7-form-control-wrap\" data-name=\"your-phone\"><input size=\"40\" maxlength=\"400\" class=\"wpcf7-form-control wpcf7-tel wpcf7-text wpcf7-validates-as-tel form-control\" aria-invalid=\"false\" placeholder=\"Su n\u00famero de tel\u00e9fono\" value=\"\" type=\"tel\" name=\"your-phone\" \/><\/span>\n\t\t\t<\/p>\n\t\t<\/div>\n\t<\/div>\n\t<div class=\"col-lg-6 col-sm-6\">\n\t\t<div class=\"form-group\">\n\t\t\t<p><span class=\"wpcf7-form-control-wrap\" data-name=\"your-subject\"><input size=\"40\" maxlength=\"400\" class=\"wpcf7-form-control wpcf7-text form-control\" aria-invalid=\"false\" placeholder=\"Sobre que necesita informaci\u00f3n\" value=\"\" type=\"text\" name=\"your-subject\" \/><\/span>\n\t\t\t<\/p>\n\t\t<\/div>\n\t<\/div>\n\t<div class=\"col-lg-12 col-md-12\">\n\t\t<div class=\"form-group\">\n\t\t\t<p><span class=\"wpcf7-form-control-wrap\" data-name=\"your-message\"><textarea cols=\"40\" rows=\"10\" maxlength=\"2000\" class=\"wpcf7-form-control wpcf7-textarea form-control\" aria-invalid=\"false\" placeholder=\"Su mensaje\" name=\"your-message\"><\/textarea><\/span>\n\t\t\t<\/p>\n\t\t<\/div>\n\t<\/div>\n\t<div class=\"col-lg-12 col-md-12\">\n\t\t<p><input class=\"wpcf7-form-control wpcf7-submit has-spinner\" type=\"submit\" value=\"Enviar Mensaje\" \/>\n\t\t<\/p>\n\t<\/div>\n<\/div><div class=\"wpcf7-response-output\" aria-hidden=\"true\"><\/div>\n<\/form>\n<\/div>\n       \r\n\t\t            <\/div>\r\n\t            <\/div>\r\n\t        <\/section>\r\n\t        <!-- END CONTACT FORM AREA -->\r\n\t        \r\n\t        \t\t        <!-- START MAP AREA -->\r\n\t\t\t\t<div data-aos=\"fade-up\" data-aos-duration=\"2000\" class=\"map-area pb-70\">\r\n\t\t\t\t\t<div class=\"container\">\r\n\t\t\t\t\t\t<iframe style=\"border: 0;\" src=\"https:\/\/www.google.com\/maps\/embed?pb=!1m18!1m12!1m3!1d3945.18748560459!2d-71.17930522512134!3d8.577964591466447!2m3!1f0!2f0!3f0!3m2!1i1024!2i768!4f13.1!3m3!1m2!1s0x8e64879db20fc0c3%3A0xc3466e56e6b343d5!2sCentro%20Medico%20Sigma!5e0!3m2!1ses!2sus!4v1700237540705!5m2!1ses!2sus\" width=\"600\" height=\"550\" allowfullscreen=\"allowfullscreen\"><\/iframe>\t\t\t\t\t<\/div>\r\n\t\t\t\t<\/div>\r\n\t\t\t    <!-- END MAP AREA -->\r\n\t\t    \t\t\t\t<\/div>\n\t\t\t\t<\/div>\n\t\t\t\t\t<\/div>\n\t\t<\/div>\n\t\t\t\t\t<\/div>\n\t\t<\/section>\n\t\t\t\t<\/div>\n\t\t","protected":false},"excerpt":{"rendered":"<p>Email presupuesto@centromedicosigma.com Ll\u00e1manos +58 (0274) 7721061 +58 (0414) 7532946 Direcci\u00f3n Edif. Centro M\u00e9dico Sigma Piso 4 Of S\/N Urb. Urbanizaci\u00f3n el Rosario, Sector Santa B\u00e1rbara. M\u00e9rida, Estado M\u00e9rida Env\u00edenos Un Mensaje Para Cualquier Consulta Lorem ipsum dolor sit amet consectetur adipisicing elit. Sint repellendus molestiae, neque earum magnam enim, magni maiores laudantium ratione libero sapiente [&hellip;]<\/p>\n","protected":false},"author":8,"featured_media":0,"parent":0,"menu_order":0,"comment_status":"closed","ping_status":"closed","template":"template-parts\/page-full-width.php","meta":{"_eb_attr":"","footnotes":""},"class_list":["post-7","page","type-page","status-publish","hentry"],"aioseo_notices":[],"_links":{"self":[{"href":"https:\/\/centromedicosigma.com\/index.php?rest_route=\/wp\/v2\/pages\/7","targetHints":{"allow":["GET"]}}],"collection":[{"href":"https:\/\/centromedicosigma.com\/index.php?rest_route=\/wp\/v2\/pages"}],"about":[{"href":"https:\/\/centromedicosigma.com\/index.php?rest_route=\/wp\/v2\/types\/page"}],"author":[{"embeddable":true,"href":"https:\/\/centromedicosigma.com\/index.php?rest_route=\/wp\/v2\/users\/8"}],"replies":[{"embeddable":true,"href":"https:\/\/centromedicosigma.com\/index.php?rest_route=%2Fwp%2Fv2%2Fcomments&post=7"}],"version-history":[{"count":3,"href":"https:\/\/centromedicosigma.com\/index.php?rest_route=\/wp\/v2\/pages\/7\/revisions"}],"predecessor-version":[{"id":2514,"href":"https:\/\/centromedicosigma.com\/index.php?rest_route=\/wp\/v2\/pages\/7\/revisions\/2514"}],"wp:attachment":[{"href":"https:\/\/centromedicosigma.com\/index.php?rest_route=%2Fwp%2Fv2%2Fmedia&parent=7"}],"curies":[{"name":"wp","href":"https:\/\/api.w.org\/{rel}","templated":true}]}}